{"id":4733,"date":"2023-07-18T12:35:38","date_gmt":"2023-07-18T12:35:38","guid":{"rendered":"https:\/\/globalpublicaffairs.cinnamonstaging.ca\/contactez-nous"},"modified":"2026-05-13T15:01:06","modified_gmt":"2026-05-13T15:01:06","slug":"contactez-nous","status":"publish","type":"page","link":"https:\/\/globalpublicaffairs.ca\/fr\/contactez-nous","title":{"rendered":"Contactez nous"},"content":{"rendered":"","protected":false},"excerpt":{"rendered":"","protected":false},"author":1,"featured_media":0,"parent":0,"menu_order":0,"comment_status":"closed","ping_status":"closed","template":"templates\/page-pattern-library.php","meta":{"_acf_changed":false,"footnotes":""},"class_list":["post-4733","page","type-page","status-publish","hentry"],"acf":[],"yoast_head":"<!-- This site is optimized with the Yoast SEO plugin v27.6 - https:\/\/yoast.com\/product\/yoast-seo-wordpress\/ -->\n<title>Contactez-nous, Soci\u00e9t\u00e9 de conseil | Global Affaires publiques<\/title>\n<meta name=\"description\" content=\"Contactez notre \u00e9quipe si vous avez des questions sur Global Affaires publiques ou sur nos services. Acc\u00e9dez aux coordonn\u00e9es de notre soci\u00e9t\u00e9 de conseil ici.\" \/>\n<meta name=\"robots\" content=\"index, follow, max-snippet:-1, max-image-preview:large, max-video-preview:-1\" \/>\n<link rel=\"canonical\" href=\"https:\/\/globalpublicaffairs.ca\/fr\/contactez-nous\" \/>\n<meta property=\"og:locale\" content=\"fr_FR\" \/>\n<meta property=\"og:type\" content=\"article\" \/>\n<meta property=\"og:title\" content=\"Contactez-nous, Soci\u00e9t\u00e9 de conseil | Global Affaires publiques\" \/>\n<meta property=\"og:description\" content=\"Contactez notre \u00e9quipe si vous avez des questions sur Global Affaires publiques ou sur nos services. Acc\u00e9dez aux coordonn\u00e9es de notre soci\u00e9t\u00e9 de conseil ici.\" \/>\n<meta property=\"og:url\" content=\"https:\/\/globalpublicaffairs.ca\/fr\/contactez-nous\" \/>\n<meta property=\"og:site_name\" content=\"Global Public Affairs\" \/>\n<meta property=\"article:modified_time\" content=\"2026-05-13T15:01:06+00:00\" \/>\n<meta name=\"twitter:card\" content=\"summary_large_image\" \/>\n<script type=\"application\/ld+json\" class=\"yoast-schema-graph\">{\"@context\":\"https:\\\/\\\/schema.org\",\"@graph\":[{\"@type\":\"WebPage\",\"@id\":\"https:\\\/\\\/globalpublicaffairs.ca\\\/fr\\\/contactez-nous\",\"url\":\"https:\\\/\\\/globalpublicaffairs.ca\\\/fr\\\/contactez-nous\",\"name\":\"Contactez-nous, Soci\u00e9t\u00e9 de conseil | Global Affaires publiques\",\"isPartOf\":{\"@id\":\"https:\\\/\\\/globalpublicaffairs.ca\\\/fr#website\"},\"datePublished\":\"2023-07-18T12:35:38+00:00\",\"dateModified\":\"2026-05-13T15:01:06+00:00\",\"description\":\"Contactez notre \u00e9quipe si vous avez des questions sur Global Affaires publiques ou sur nos services. Acc\u00e9dez aux coordonn\u00e9es de notre soci\u00e9t\u00e9 de conseil ici.\",\"breadcrumb\":{\"@id\":\"https:\\\/\\\/globalpublicaffairs.ca\\\/fr\\\/contactez-nous#breadcrumb\"},\"inLanguage\":\"fr-FR\",\"potentialAction\":[{\"@type\":\"ReadAction\",\"target\":[\"https:\\\/\\\/globalpublicaffairs.ca\\\/fr\\\/contactez-nous\"]}]},{\"@type\":\"BreadcrumbList\",\"@id\":\"https:\\\/\\\/globalpublicaffairs.ca\\\/fr\\\/contactez-nous#breadcrumb\",\"itemListElement\":[{\"@type\":\"ListItem\",\"position\":1,\"name\":\"Accueil\",\"item\":\"https:\\\/\\\/globalpublicaffairs.ca\\\/fr\"},{\"@type\":\"ListItem\",\"position\":2,\"name\":\"Contactez nous\"}]},{\"@type\":\"WebSite\",\"@id\":\"https:\\\/\\\/globalpublicaffairs.ca\\\/fr#website\",\"url\":\"https:\\\/\\\/globalpublicaffairs.ca\\\/fr\",\"name\":\"Global Public Affairs\",\"description\":\"Government Relations. We provide research, planning and counsel to clients needing to engage with all levels of government.\",\"potentialAction\":[{\"@type\":\"SearchAction\",\"target\":{\"@type\":\"EntryPoint\",\"urlTemplate\":\"https:\\\/\\\/globalpublicaffairs.ca\\\/fr?s={search_term_string}\"},\"query-input\":{\"@type\":\"PropertyValueSpecification\",\"valueRequired\":true,\"valueName\":\"search_term_string\"}}],\"inLanguage\":\"fr-FR\"}]}<\/script>\n<!-- \/ Yoast SEO plugin. -->","yoast_head_json":{"title":"Contactez-nous, Soci\u00e9t\u00e9 de conseil | Global Affaires publiques","description":"Contactez notre \u00e9quipe si vous avez des questions sur Global Affaires publiques ou sur nos services. Acc\u00e9dez aux coordonn\u00e9es de notre soci\u00e9t\u00e9 de conseil ici.","robots":{"index":"index","follow":"follow","max-snippet":"max-snippet:-1","max-image-preview":"max-image-preview:large","max-video-preview":"max-video-preview:-1"},"canonical":"https:\/\/globalpublicaffairs.ca\/fr\/contactez-nous","og_locale":"fr_FR","og_type":"article","og_title":"Contactez-nous, Soci\u00e9t\u00e9 de conseil | Global Affaires publiques","og_description":"Contactez notre \u00e9quipe si vous avez des questions sur Global Affaires publiques ou sur nos services. Acc\u00e9dez aux coordonn\u00e9es de notre soci\u00e9t\u00e9 de conseil ici.","og_url":"https:\/\/globalpublicaffairs.ca\/fr\/contactez-nous","og_site_name":"Global Public Affairs","article_modified_time":"2026-05-13T15:01:06+00:00","twitter_card":"summary_large_image","schema":{"@context":"https:\/\/schema.org","@graph":[{"@type":"WebPage","@id":"https:\/\/globalpublicaffairs.ca\/fr\/contactez-nous","url":"https:\/\/globalpublicaffairs.ca\/fr\/contactez-nous","name":"Contactez-nous, Soci\u00e9t\u00e9 de conseil | Global Affaires publiques","isPartOf":{"@id":"https:\/\/globalpublicaffairs.ca\/fr#website"},"datePublished":"2023-07-18T12:35:38+00:00","dateModified":"2026-05-13T15:01:06+00:00","description":"Contactez notre \u00e9quipe si vous avez des questions sur Global Affaires publiques ou sur nos services. Acc\u00e9dez aux coordonn\u00e9es de notre soci\u00e9t\u00e9 de conseil ici.","breadcrumb":{"@id":"https:\/\/globalpublicaffairs.ca\/fr\/contactez-nous#breadcrumb"},"inLanguage":"fr-FR","potentialAction":[{"@type":"ReadAction","target":["https:\/\/globalpublicaffairs.ca\/fr\/contactez-nous"]}]},{"@type":"BreadcrumbList","@id":"https:\/\/globalpublicaffairs.ca\/fr\/contactez-nous#breadcrumb","itemListElement":[{"@type":"ListItem","position":1,"name":"Accueil","item":"https:\/\/globalpublicaffairs.ca\/fr"},{"@type":"ListItem","position":2,"name":"Contactez nous"}]},{"@type":"WebSite","@id":"https:\/\/globalpublicaffairs.ca\/fr#website","url":"https:\/\/globalpublicaffairs.ca\/fr","name":"Global Public Affairs","description":"Government Relations. We provide research, planning and counsel to clients needing to engage with all levels of government.","potentialAction":[{"@type":"SearchAction","target":{"@type":"EntryPoint","urlTemplate":"https:\/\/globalpublicaffairs.ca\/fr?s={search_term_string}"},"query-input":{"@type":"PropertyValueSpecification","valueRequired":true,"valueName":"search_term_string"}}],"inLanguage":"fr-FR"}]}},"_links":{"self":[{"href":"https:\/\/globalpublicaffairs.ca\/fr\/wp-json\/wp\/v2\/pages\/4733","targetHints":{"allow":["GET"]}}],"collection":[{"href":"https:\/\/globalpublicaffairs.ca\/fr\/wp-json\/wp\/v2\/pages"}],"about":[{"href":"https:\/\/globalpublicaffairs.ca\/fr\/wp-json\/wp\/v2\/types\/page"}],"author":[{"embeddable":true,"href":"https:\/\/globalpublicaffairs.ca\/fr\/wp-json\/wp\/v2\/users\/1"}],"replies":[{"embeddable":true,"href":"https:\/\/globalpublicaffairs.ca\/fr\/wp-json\/wp\/v2\/comments?post=4733"}],"version-history":[{"count":1,"href":"https:\/\/globalpublicaffairs.ca\/fr\/wp-json\/wp\/v2\/pages\/4733\/revisions"}],"predecessor-version":[{"id":4951,"href":"https:\/\/globalpublicaffairs.ca\/fr\/wp-json\/wp\/v2\/pages\/4733\/revisions\/4951"}],"wp:attachment":[{"href":"https:\/\/globalpublicaffairs.ca\/fr\/wp-json\/wp\/v2\/media?parent=4733"}],"curies":[{"name":"wp","href":"https:\/\/api.w.org\/{rel}","templated":true}]}}