{"id":4726,"date":"2023-07-18T12:34:55","date_gmt":"2023-07-18T12:34:55","guid":{"rendered":"https:\/\/globalpublicaffairs.cinnamonstaging.ca\/perspectives"},"modified":"2026-05-13T15:24:55","modified_gmt":"2026-05-13T15:24:55","slug":"perspectives","status":"publish","type":"page","link":"https:\/\/globalpublicaffairs.ca\/fr\/perspectives","title":{"rendered":"Perspectives"},"content":{"rendered":"","protected":false},"excerpt":{"rendered":"","protected":false},"author":1,"featured_media":0,"parent":0,"menu_order":0,"comment_status":"closed","ping_status":"closed","template":"templates\/page-insights.php","meta":{"_acf_changed":false,"footnotes":""},"class_list":["post-4726","page","type-page","status-publish","hentry"],"acf":[],"yoast_head":"<!-- This site is optimized with the Yoast SEO plugin v27.6 - https:\/\/yoast.com\/product\/yoast-seo-wordpress\/ -->\n<title>Perspectives de l&#039;industrie, Tendances | Affaires publiques Global<\/title>\n<meta name=\"description\" content=\"Nous fournissons \u00e0 nos clients les informations et connaissances sectorielles n\u00e9cessaires pour naviguer avec succ\u00e8s dans des environnements en constante \u00e9volution.\" \/>\n<meta name=\"robots\" content=\"index, follow, max-snippet:-1, max-image-preview:large, max-video-preview:-1\" \/>\n<link rel=\"canonical\" href=\"https:\/\/globalpublicaffairs.ca\/fr\/perspectives\" \/>\n<meta property=\"og:locale\" content=\"fr_FR\" \/>\n<meta property=\"og:type\" content=\"article\" \/>\n<meta property=\"og:title\" content=\"Perspectives de l&#039;industrie, Tendances | Affaires publiques Global\" \/>\n<meta property=\"og:description\" content=\"Nous fournissons \u00e0 nos clients les informations et connaissances sectorielles n\u00e9cessaires pour naviguer avec succ\u00e8s dans des environnements en constante \u00e9volution.\" \/>\n<meta property=\"og:url\" content=\"https:\/\/globalpublicaffairs.ca\/fr\/perspectives\" \/>\n<meta property=\"og:site_name\" content=\"Global Public Affairs\" \/>\n<meta property=\"article:modified_time\" content=\"2026-05-13T15:24:55+00:00\" \/>\n<meta name=\"twitter:card\" content=\"summary_large_image\" \/>\n<script type=\"application\/ld+json\" class=\"yoast-schema-graph\">{\"@context\":\"https:\\\/\\\/schema.org\",\"@graph\":[{\"@type\":\"WebPage\",\"@id\":\"https:\\\/\\\/globalpublicaffairs.ca\\\/fr\\\/perspectives\",\"url\":\"https:\\\/\\\/globalpublicaffairs.ca\\\/fr\\\/perspectives\",\"name\":\"Perspectives de l'industrie, Tendances | Affaires publiques Global\",\"isPartOf\":{\"@id\":\"https:\\\/\\\/globalpublicaffairs.ca\\\/fr#website\"},\"datePublished\":\"2023-07-18T12:34:55+00:00\",\"dateModified\":\"2026-05-13T15:24:55+00:00\",\"description\":\"Nous fournissons \u00e0 nos clients les informations et connaissances sectorielles n\u00e9cessaires pour naviguer avec succ\u00e8s dans des environnements en constante \u00e9volution.\",\"breadcrumb\":{\"@id\":\"https:\\\/\\\/globalpublicaffairs.ca\\\/fr\\\/perspectives#breadcrumb\"},\"inLanguage\":\"fr-FR\",\"potentialAction\":[{\"@type\":\"ReadAction\",\"target\":[\"https:\\\/\\\/globalpublicaffairs.ca\\\/fr\\\/perspectives\"]}]},{\"@type\":\"BreadcrumbList\",\"@id\":\"https:\\\/\\\/globalpublicaffairs.ca\\\/fr\\\/perspectives#breadcrumb\",\"itemListElement\":[{\"@type\":\"ListItem\",\"position\":1,\"name\":\"Accueil\",\"item\":\"https:\\\/\\\/globalpublicaffairs.ca\\\/fr\"},{\"@type\":\"ListItem\",\"position\":2,\"name\":\"Perspectives\"}]},{\"@type\":\"WebSite\",\"@id\":\"https:\\\/\\\/globalpublicaffairs.ca\\\/fr#website\",\"url\":\"https:\\\/\\\/globalpublicaffairs.ca\\\/fr\",\"name\":\"Global Public Affairs\",\"description\":\"Government Relations. We provide research, planning and counsel to clients needing to engage with all levels of government.\",\"potentialAction\":[{\"@type\":\"SearchAction\",\"target\":{\"@type\":\"EntryPoint\",\"urlTemplate\":\"https:\\\/\\\/globalpublicaffairs.ca\\\/fr?s={search_term_string}\"},\"query-input\":{\"@type\":\"PropertyValueSpecification\",\"valueRequired\":true,\"valueName\":\"search_term_string\"}}],\"inLanguage\":\"fr-FR\"}]}<\/script>\n<!-- \/ Yoast SEO plugin. -->","yoast_head_json":{"title":"Perspectives de l'industrie, Tendances | Affaires publiques Global","description":"Nous fournissons \u00e0 nos clients les informations et connaissances sectorielles n\u00e9cessaires pour naviguer avec succ\u00e8s dans des environnements en constante \u00e9volution.","robots":{"index":"index","follow":"follow","max-snippet":"max-snippet:-1","max-image-preview":"max-image-preview:large","max-video-preview":"max-video-preview:-1"},"canonical":"https:\/\/globalpublicaffairs.ca\/fr\/perspectives","og_locale":"fr_FR","og_type":"article","og_title":"Perspectives de l'industrie, Tendances | Affaires publiques Global","og_description":"Nous fournissons \u00e0 nos clients les informations et connaissances sectorielles n\u00e9cessaires pour naviguer avec succ\u00e8s dans des environnements en constante \u00e9volution.","og_url":"https:\/\/globalpublicaffairs.ca\/fr\/perspectives","og_site_name":"Global Public Affairs","article_modified_time":"2026-05-13T15:24:55+00:00","twitter_card":"summary_large_image","schema":{"@context":"https:\/\/schema.org","@graph":[{"@type":"WebPage","@id":"https:\/\/globalpublicaffairs.ca\/fr\/perspectives","url":"https:\/\/globalpublicaffairs.ca\/fr\/perspectives","name":"Perspectives de l'industrie, Tendances | Affaires publiques Global","isPartOf":{"@id":"https:\/\/globalpublicaffairs.ca\/fr#website"},"datePublished":"2023-07-18T12:34:55+00:00","dateModified":"2026-05-13T15:24:55+00:00","description":"Nous fournissons \u00e0 nos clients les informations et connaissances sectorielles n\u00e9cessaires pour naviguer avec succ\u00e8s dans des environnements en constante \u00e9volution.","breadcrumb":{"@id":"https:\/\/globalpublicaffairs.ca\/fr\/perspectives#breadcrumb"},"inLanguage":"fr-FR","potentialAction":[{"@type":"ReadAction","target":["https:\/\/globalpublicaffairs.ca\/fr\/perspectives"]}]},{"@type":"BreadcrumbList","@id":"https:\/\/globalpublicaffairs.ca\/fr\/perspectives#breadcrumb","itemListElement":[{"@type":"ListItem","position":1,"name":"Accueil","item":"https:\/\/globalpublicaffairs.ca\/fr"},{"@type":"ListItem","position":2,"name":"Perspectives"}]},{"@type":"WebSite","@id":"https:\/\/globalpublicaffairs.ca\/fr#website","url":"https:\/\/globalpublicaffairs.ca\/fr","name":"Global Public Affairs","description":"Government Relations. We provide research, planning and counsel to clients needing to engage with all levels of government.","potentialAction":[{"@type":"SearchAction","target":{"@type":"EntryPoint","urlTemplate":"https:\/\/globalpublicaffairs.ca\/fr?s={search_term_string}"},"query-input":{"@type":"PropertyValueSpecification","valueRequired":true,"valueName":"search_term_string"}}],"inLanguage":"fr-FR"}]}},"_links":{"self":[{"href":"https:\/\/globalpublicaffairs.ca\/fr\/wp-json\/wp\/v2\/pages\/4726","targetHints":{"allow":["GET"]}}],"collection":[{"href":"https:\/\/globalpublicaffairs.ca\/fr\/wp-json\/wp\/v2\/pages"}],"about":[{"href":"https:\/\/globalpublicaffairs.ca\/fr\/wp-json\/wp\/v2\/types\/page"}],"author":[{"embeddable":true,"href":"https:\/\/globalpublicaffairs.ca\/fr\/wp-json\/wp\/v2\/users\/1"}],"replies":[{"embeddable":true,"href":"https:\/\/globalpublicaffairs.ca\/fr\/wp-json\/wp\/v2\/comments?post=4726"}],"version-history":[{"count":2,"href":"https:\/\/globalpublicaffairs.ca\/fr\/wp-json\/wp\/v2\/pages\/4726\/revisions"}],"predecessor-version":[{"id":5944,"href":"https:\/\/globalpublicaffairs.ca\/fr\/wp-json\/wp\/v2\/pages\/4726\/revisions\/5944"}],"wp:attachment":[{"href":"https:\/\/globalpublicaffairs.ca\/fr\/wp-json\/wp\/v2\/media?parent=4726"}],"curies":[{"name":"wp","href":"https:\/\/api.w.org\/{rel}","templated":true}]}}