{"id":4714,"date":"2023-07-18T12:34:23","date_gmt":"2023-07-18T12:34:23","guid":{"rendered":"https:\/\/globalpublicaffairs.cinnamonstaging.ca\/gestion-des-questions"},"modified":"2026-05-13T15:01:05","modified_gmt":"2026-05-13T15:01:05","slug":"gestion-des-questions","status":"publish","type":"page","link":"https:\/\/globalpublicaffairs.ca\/fr\/communications-strategiques\/gestion-des-questions","title":{"rendered":"Gestion des questions"},"content":{"rendered":"","protected":false},"excerpt":{"rendered":"","protected":false},"author":1,"featured_media":0,"parent":4782,"menu_order":0,"comment_status":"closed","ping_status":"closed","template":"templates\/page-pattern-library.php","meta":{"_acf_changed":false,"footnotes":""},"class_list":["post-4714","page","type-page","status-publish","hentry"],"acf":[],"yoast_head":"<!-- This site is optimized with the Yoast SEO plugin v27.6 - https:\/\/yoast.com\/product\/yoast-seo-wordpress\/ -->\n<title>Gestion des questions, suivi | Global Affaires publiques<\/title>\n<meta name=\"description\" content=\"D\u00e9couvrez comment notre service de gestion des enjeux peut pr\u00e9server les int\u00e9r\u00eats et la r\u00e9putation de votre organisation \u00e0 l&#039;\u00e8re des m\u00e9dias sociaux et de l&#039;opinion publique.\" \/>\n<meta name=\"robots\" content=\"index, follow, max-snippet:-1, max-image-preview:large, max-video-preview:-1\" \/>\n<link rel=\"canonical\" href=\"https:\/\/globalpublicaffairs.ca\/fr\/communications-strategiques\/gestion-des-questions\" \/>\n<meta property=\"og:locale\" content=\"fr_FR\" \/>\n<meta property=\"og:type\" content=\"article\" \/>\n<meta property=\"og:title\" content=\"Gestion des questions, suivi | Global Affaires publiques\" \/>\n<meta property=\"og:description\" content=\"D\u00e9couvrez comment notre service de gestion des enjeux peut pr\u00e9server les int\u00e9r\u00eats et la r\u00e9putation de votre organisation \u00e0 l&#039;\u00e8re des m\u00e9dias sociaux et de l&#039;opinion publique.\" \/>\n<meta property=\"og:url\" content=\"https:\/\/globalpublicaffairs.ca\/fr\/communications-strategiques\/gestion-des-questions\" \/>\n<meta property=\"og:site_name\" content=\"Global Public Affairs\" \/>\n<meta property=\"article:modified_time\" content=\"2026-05-13T15:01:05+00:00\" \/>\n<meta name=\"twitter:card\" content=\"summary_large_image\" \/>\n<script type=\"application\/ld+json\" class=\"yoast-schema-graph\">{\"@context\":\"https:\\\/\\\/schema.org\",\"@graph\":[{\"@type\":\"WebPage\",\"@id\":\"https:\\\/\\\/globalpublicaffairs.ca\\\/fr\\\/communications-strategiques\\\/gestion-des-questions\",\"url\":\"https:\\\/\\\/globalpublicaffairs.ca\\\/fr\\\/communications-strategiques\\\/gestion-des-questions\",\"name\":\"Gestion des questions, suivi | Global Affaires publiques\",\"isPartOf\":{\"@id\":\"https:\\\/\\\/globalpublicaffairs.ca\\\/fr#website\"},\"datePublished\":\"2023-07-18T12:34:23+00:00\",\"dateModified\":\"2026-05-13T15:01:05+00:00\",\"description\":\"D\u00e9couvrez comment notre service de gestion des enjeux peut pr\u00e9server les int\u00e9r\u00eats et la r\u00e9putation de votre organisation \u00e0 l'\u00e8re des m\u00e9dias sociaux et de l'opinion publique.\",\"breadcrumb\":{\"@id\":\"https:\\\/\\\/globalpublicaffairs.ca\\\/fr\\\/communications-strategiques\\\/gestion-des-questions#breadcrumb\"},\"inLanguage\":\"fr-FR\",\"potentialAction\":[{\"@type\":\"ReadAction\",\"target\":[\"https:\\\/\\\/globalpublicaffairs.ca\\\/fr\\\/communications-strategiques\\\/gestion-des-questions\"]}]},{\"@type\":\"BreadcrumbList\",\"@id\":\"https:\\\/\\\/globalpublicaffairs.ca\\\/fr\\\/communications-strategiques\\\/gestion-des-questions#breadcrumb\",\"itemListElement\":[{\"@type\":\"ListItem\",\"position\":1,\"name\":\"Accueil\",\"item\":\"https:\\\/\\\/globalpublicaffairs.ca\\\/fr\"},{\"@type\":\"ListItem\",\"position\":2,\"name\":\"Communications strat\u00e9giques\",\"item\":\"https:\\\/\\\/globalpublicaffairs.ca\\\/fr\\\/communications-strategiques\"},{\"@type\":\"ListItem\",\"position\":3,\"name\":\"Gestion des questions\"}]},{\"@type\":\"WebSite\",\"@id\":\"https:\\\/\\\/globalpublicaffairs.ca\\\/fr#website\",\"url\":\"https:\\\/\\\/globalpublicaffairs.ca\\\/fr\",\"name\":\"Global Public Affairs\",\"description\":\"Government Relations. We provide research, planning and counsel to clients needing to engage with all levels of government.\",\"potentialAction\":[{\"@type\":\"SearchAction\",\"target\":{\"@type\":\"EntryPoint\",\"urlTemplate\":\"https:\\\/\\\/globalpublicaffairs.ca\\\/fr?s={search_term_string}\"},\"query-input\":{\"@type\":\"PropertyValueSpecification\",\"valueRequired\":true,\"valueName\":\"search_term_string\"}}],\"inLanguage\":\"fr-FR\"}]}<\/script>\n<!-- \/ Yoast SEO plugin. -->","yoast_head_json":{"title":"Gestion des questions, suivi | Global Affaires publiques","description":"D\u00e9couvrez comment notre service de gestion des enjeux peut pr\u00e9server les int\u00e9r\u00eats et la r\u00e9putation de votre organisation \u00e0 l'\u00e8re des m\u00e9dias sociaux et de l'opinion publique.","robots":{"index":"index","follow":"follow","max-snippet":"max-snippet:-1","max-image-preview":"max-image-preview:large","max-video-preview":"max-video-preview:-1"},"canonical":"https:\/\/globalpublicaffairs.ca\/fr\/communications-strategiques\/gestion-des-questions","og_locale":"fr_FR","og_type":"article","og_title":"Gestion des questions, suivi | Global Affaires publiques","og_description":"D\u00e9couvrez comment notre service de gestion des enjeux peut pr\u00e9server les int\u00e9r\u00eats et la r\u00e9putation de votre organisation \u00e0 l'\u00e8re des m\u00e9dias sociaux et de l'opinion publique.","og_url":"https:\/\/globalpublicaffairs.ca\/fr\/communications-strategiques\/gestion-des-questions","og_site_name":"Global Public Affairs","article_modified_time":"2026-05-13T15:01:05+00:00","twitter_card":"summary_large_image","schema":{"@context":"https:\/\/schema.org","@graph":[{"@type":"WebPage","@id":"https:\/\/globalpublicaffairs.ca\/fr\/communications-strategiques\/gestion-des-questions","url":"https:\/\/globalpublicaffairs.ca\/fr\/communications-strategiques\/gestion-des-questions","name":"Gestion des questions, suivi | Global Affaires publiques","isPartOf":{"@id":"https:\/\/globalpublicaffairs.ca\/fr#website"},"datePublished":"2023-07-18T12:34:23+00:00","dateModified":"2026-05-13T15:01:05+00:00","description":"D\u00e9couvrez comment notre service de gestion des enjeux peut pr\u00e9server les int\u00e9r\u00eats et la r\u00e9putation de votre organisation \u00e0 l'\u00e8re des m\u00e9dias sociaux et de l'opinion publique.","breadcrumb":{"@id":"https:\/\/globalpublicaffairs.ca\/fr\/communications-strategiques\/gestion-des-questions#breadcrumb"},"inLanguage":"fr-FR","potentialAction":[{"@type":"ReadAction","target":["https:\/\/globalpublicaffairs.ca\/fr\/communications-strategiques\/gestion-des-questions"]}]},{"@type":"BreadcrumbList","@id":"https:\/\/globalpublicaffairs.ca\/fr\/communications-strategiques\/gestion-des-questions#breadcrumb","itemListElement":[{"@type":"ListItem","position":1,"name":"Accueil","item":"https:\/\/globalpublicaffairs.ca\/fr"},{"@type":"ListItem","position":2,"name":"Communications strat\u00e9giques","item":"https:\/\/globalpublicaffairs.ca\/fr\/communications-strategiques"},{"@type":"ListItem","position":3,"name":"Gestion des questions"}]},{"@type":"WebSite","@id":"https:\/\/globalpublicaffairs.ca\/fr#website","url":"https:\/\/globalpublicaffairs.ca\/fr","name":"Global Public Affairs","description":"Government Relations. We provide research, planning and counsel to clients needing to engage with all levels of government.","potentialAction":[{"@type":"SearchAction","target":{"@type":"EntryPoint","urlTemplate":"https:\/\/globalpublicaffairs.ca\/fr?s={search_term_string}"},"query-input":{"@type":"PropertyValueSpecification","valueRequired":true,"valueName":"search_term_string"}}],"inLanguage":"fr-FR"}]}},"_links":{"self":[{"href":"https:\/\/globalpublicaffairs.ca\/fr\/wp-json\/wp\/v2\/pages\/4714","targetHints":{"allow":["GET"]}}],"collection":[{"href":"https:\/\/globalpublicaffairs.ca\/fr\/wp-json\/wp\/v2\/pages"}],"about":[{"href":"https:\/\/globalpublicaffairs.ca\/fr\/wp-json\/wp\/v2\/types\/page"}],"author":[{"embeddable":true,"href":"https:\/\/globalpublicaffairs.ca\/fr\/wp-json\/wp\/v2\/users\/1"}],"replies":[{"embeddable":true,"href":"https:\/\/globalpublicaffairs.ca\/fr\/wp-json\/wp\/v2\/comments?post=4714"}],"version-history":[{"count":1,"href":"https:\/\/globalpublicaffairs.ca\/fr\/wp-json\/wp\/v2\/pages\/4714\/revisions"}],"predecessor-version":[{"id":5604,"href":"https:\/\/globalpublicaffairs.ca\/fr\/wp-json\/wp\/v2\/pages\/4714\/revisions\/5604"}],"up":[{"embeddable":true,"href":"https:\/\/globalpublicaffairs.ca\/fr\/wp-json\/wp\/v2\/pages\/4782"}],"wp:attachment":[{"href":"https:\/\/globalpublicaffairs.ca\/fr\/wp-json\/wp\/v2\/media?parent=4714"}],"curies":[{"name":"wp","href":"https:\/\/api.w.org\/{rel}","templated":true}]}}